{"id":388,"date":"2019-01-02T10:46:12","date_gmt":"2019-01-02T09:46:12","guid":{"rendered":"http:\/\/marathyon85.fr\/?page_id=388"},"modified":"2026-01-04T17:46:10","modified_gmt":"2026-01-04T16:46:10","slug":"planning-deau","status":"publish","type":"page","link":"https:\/\/www.marathyon85.fr\/?page_id=388","title":{"rendered":"Planning d&rsquo;eau"},"content":{"rendered":"\n<h2 class=\"wp-block-heading\">Planning eau 2026<\/h2>\n\n\n\n<figure class=\"wp-block-gallery has-nested-images columns-default is-cropped wp-block-gallery-1 is-layout-flex wp-block-gallery-is-layout-flex\">\n<figure class=\"wp-block-image size-full\"><img loading=\"lazy\" decoding=\"async\" width=\"1297\" height=\"507\" data-id=\"2183\" src=\"https:\/\/www.marathyon85.fr\/wp-content\/uploads\/2026\/01\/Planning-eau-2026.jpg\" alt=\"\" class=\"wp-image-2183\" srcset=\"https:\/\/www.marathyon85.fr\/wp-content\/uploads\/2026\/01\/Planning-eau-2026.jpg 1297w, https:\/\/www.marathyon85.fr\/wp-content\/uploads\/2026\/01\/Planning-eau-2026-300x117.jpg 300w, https:\/\/www.marathyon85.fr\/wp-content\/uploads\/2026\/01\/Planning-eau-2026-1024x400.jpg 1024w, https:\/\/www.marathyon85.fr\/wp-content\/uploads\/2026\/01\/Planning-eau-2026-768x300.jpg 768w\" sizes=\"auto, (max-width: 1297px) 100vw, 1297px\" \/><\/figure>\n<\/figure>\n\n\n\n<h2 class=\"wp-block-heading\">Comment proc\u00e9der au ravitaillement :<\/h2>\n\n\n\n<p>Pour proc\u00e9der au ravitaillement d&rsquo;eau de l&rsquo;association Marath&rsquo;yon 85 aux Terres Noires, muni toi si possible de :<br>2 packs de bouteilles d&rsquo;eau, des gobelets, et 2 sacs poubelles &#8230;<\/p>\n\n\n\n<p>Un plan pour acc\u00e9der au ravitaillement est disponible :<\/p>\n\n\n\n<p>Si besoin, tu peux :<br>&#8211; te faire accompagner si tu en as envie<br>&#8211; te faire remplacer par une personne de ton choix si tu es absent.e<br>&#8211; contacter le secr\u00e9taire de Marath&rsquo;yon 85<\/p>\n\n\n\n<p>PS : N&rsquo;oublie pas de r\u00e9cup\u00e9rer le tout apr\u00e8s la fin de matin\u00e9e<\/p>\n\n\n\n<h2 class=\"wp-block-heading\">Comment acc\u00e9der au ravitaillement :<\/h2>\n\n\n\n<p><a href=\"https:\/\/marathyon-my.sharepoint.com\/:b:\/g\/personal\/contact_marathyon85_fr\/EXvGaVEfKABCiuY3U_lV2zABNHleyhXij-i4SNgV6IXwrA?e=ZqzsOn\">https:\/\/marathyon-my.sharepoint.com\/:b:\/g\/personal\/contact_marathyon85_fr\/EXvGaVEfKABCiuY3U_lV2zABNHleyhXij-i4SNgV6IXwrA?e=ZqzsOn<\/a><\/p>\n\n\n\n<h2 class=\"wp-block-heading\">Nos parcours :<\/h2>\n\n\n\n<p>Page en cours de construction<\/p>\n\n\n\n<p><\/p>\n","protected":false},"excerpt":{"rendered":"<p>Planning eau 2026 Comment proc\u00e9der au ravitaillement : Pour proc\u00e9der au ravitaillement d&rsquo;eau de l&rsquo;association Marath&rsquo;yon 85 aux Terres Noires, muni toi si possible de :2 packs de bouteilles d&rsquo;eau,&#46;&#46;&#46;<\/p>\n","protected":false},"author":1,"featured_media":0,"parent":0,"menu_order":0,"comment_status":"closed","ping_status":"closed","template":"","meta":{"footnotes":""},"class_list":["post-388","page","type-page","status-publish","hentry"],"_links":{"self":[{"href":"https:\/\/www.marathyon85.fr\/index.php?rest_route=\/wp\/v2\/pages\/388","targetHints":{"allow":["GET"]}}],"collection":[{"href":"https:\/\/www.marathyon85.fr\/index.php?rest_route=\/wp\/v2\/pages"}],"about":[{"href":"https:\/\/www.marathyon85.fr\/index.php?rest_route=\/wp\/v2\/types\/page"}],"author":[{"embeddable":true,"href":"https:\/\/www.marathyon85.fr\/index.php?rest_route=\/wp\/v2\/users\/1"}],"replies":[{"embeddable":true,"href":"https:\/\/www.marathyon85.fr\/index.php?rest_route=%2Fwp%2Fv2%2Fcomments&post=388"}],"version-history":[{"count":22,"href":"https:\/\/www.marathyon85.fr\/index.php?rest_route=\/wp\/v2\/pages\/388\/revisions"}],"predecessor-version":[{"id":2185,"href":"https:\/\/www.marathyon85.fr\/index.php?rest_route=\/wp\/v2\/pages\/388\/revisions\/2185"}],"wp:attachment":[{"href":"https:\/\/www.marathyon85.fr\/index.php?rest_route=%2Fwp%2Fv2%2Fmedia&parent=388"}],"curies":[{"name":"wp","href":"https:\/\/api.w.org\/{rel}","templated":true}]}}