{"id":314,"date":"2018-12-09T10:52:41","date_gmt":"2018-12-09T09:52:41","guid":{"rendered":"http:\/\/marathyon85.fr\/?page_id=314"},"modified":"2026-01-22T15:51:03","modified_gmt":"2026-01-22T14:51:03","slug":"inscription-edition-2019","status":"publish","type":"page","link":"https:\/\/www.marathyon85.fr\/?page_id=314","title":{"rendered":"Inscription \u00e9dition 2026"},"content":{"rendered":"<p class=\"yiv1929178389MsoNormal\"><strong>\u00ab\u00a0La Marath\u2019yonnaise\u00a0\u00bb<\/strong> se d\u00e9roulera le <strong><em>dimanche 31 mai 2026.<\/em><\/strong><\/p>\n<p class=\"yiv1929178389MsoNormal\"><em><strong>I<\/strong><\/em><em><strong>nscriptions sur le site Espace Comp\u00e9tition cliquez ici :<br \/><\/strong><\/em><\/p>\n<p class=\"yiv1929178389MsoNormal\"><a href=\"https:\/\/espace-competition.com\/index.php?module=inscription&amp;comp=3055\" target=\"_blank\" rel=\"noopener\"><em><strong><img loading=\"lazy\" decoding=\"async\" class=\"alignnone wp-image-1945 size-full\" src=\"https:\/\/www.marathyon85.fr\/wp-content\/uploads\/2024\/01\/Je_minscris_bd.png\" alt=\"\" width=\"150\" height=\"59\" \/><\/strong><\/em><\/a><\/p>\n<p class=\"yiv1929178389MsoNormal\">Nous sommes impatients de pouvoir vous accueillir de nouveau<\/p>\n<p class=\"yiv1929178389MsoNormal\">A bient\u00f4t sur les chemins de LA MARATH\u2019YONNAISE,<\/p>\n<p style=\"text-align: left;\"><strong>Une course ou balade incontournable dans la nature&#8230;. pour votre plus grand plaisir\u00a0!<\/strong><\/p>\n<ul>\n<li><a href=\"https:\/\/www.marathyon85.fr\/wp-content\/uploads\/2026\/01\/Autorisation-parentale-pour-concurrente-mineure-2026.pdf\" target=\"_blank\" rel=\"noopener\">Autorisation parentale 2026<\/a> (pour les mineurs)\u00a0 \u00a0<\/li>\n<li><a href=\"https:\/\/www.marathyon85.fr\/wp-content\/uploads\/2026\/01\/Bulletin-Inscription-2026.pdf\" target=\"_blank\" rel=\"noopener\">Bulletin d&rsquo;inscription papier<\/a><\/li>\n<\/ul>\n<p><em>Toute l\u2019\u00e9quipe de la Marath\u2019yonnaise et ses quelques 100 b\u00e9n\u00e9voles.<\/em><\/p>\n<div style=\"width: 1920px;\" class=\"wp-video\"><video class=\"wp-video-shortcode\" id=\"video-314-1\" width=\"1920\" height=\"1080\" preload=\"metadata\" controls=\"controls\"><source type=\"video\/mp4\" src=\"https:\/\/www.marathyon85.fr\/wp-content\/uploads\/2023\/06\/Marathyonnaise2023.mp4?_=1\" \/><a href=\"https:\/\/www.marathyon85.fr\/wp-content\/uploads\/2023\/06\/Marathyonnaise2023.mp4\">https:\/\/www.marathyon85.fr\/wp-content\/uploads\/2023\/06\/Marathyonnaise2023.mp4<\/a><\/video><\/div>\n<h1>\u00a0<\/h1>\n<h5><a href=\"https:\/\/www.youtube.com\/watch?v=4oRJ-S7j0JM&amp;t=629s\" target=\"_blank\" rel=\"noopener noreferrer\"><strong><span style=\"color: #3366ff;\">La Marath&rsquo;yonnaise en Vid\u00e9o <\/span><\/strong><strong><span style=\"color: #3366ff;\">(film\u00e9e en GO PRO par un coureur&#8230;merci \u00e0 lui ! )<\/span><\/strong><\/a><\/h5>\n\n\n<figure class=\"wp-block-gallery has-nested-images columns-3 is-cropped wp-block-gallery-1 is-layout-flex wp-block-gallery-is-layout-flex\">\n<figure class=\"wp-block-image size-large\"><img loading=\"lazy\" decoding=\"async\" width=\"1024\" height=\"768\" data-id=\"644\" src=\"https:\/\/www.marathyon85.fr\/wp-content\/uploads\/2019\/01\/P1100369-1024x768.jpg\" alt=\"\" class=\"wp-image-644\" srcset=\"https:\/\/www.marathyon85.fr\/wp-content\/uploads\/2019\/01\/P1100369-1024x768.jpg 1024w, https:\/\/www.marathyon85.fr\/wp-content\/uploads\/2019\/01\/P1100369-300x225.jpg 300w, https:\/\/www.marathyon85.fr\/wp-content\/uploads\/2019\/01\/P1100369-768x576.jpg 768w\" sizes=\"auto, (max-width: 1024px) 100vw, 1024px\" \/><\/figure>\n\n\n\n<figure class=\"wp-block-image size-large\"><img loading=\"lazy\" decoding=\"async\" width=\"400\" height=\"300\" data-id=\"645\" src=\"https:\/\/www.marathyon85.fr\/wp-content\/uploads\/2019\/01\/P5270023-1.jpg\" alt=\"\" class=\"wp-image-645\" srcset=\"https:\/\/www.marathyon85.fr\/wp-content\/uploads\/2019\/01\/P5270023-1.jpg 400w, https:\/\/www.marathyon85.fr\/wp-content\/uploads\/2019\/01\/P5270023-1-300x225.jpg 300w\" sizes=\"auto, (max-width: 400px) 100vw, 400px\" \/><figcaption class=\"wp-element-caption\">OLYMPUS DIGITAL CAMERA<\/figcaption><\/figure>\n\n\n\n<figure class=\"wp-block-image size-large\"><img loading=\"lazy\" decoding=\"async\" width=\"400\" height=\"300\" data-id=\"646\" src=\"https:\/\/www.marathyon85.fr\/wp-content\/uploads\/2019\/01\/P5270135.jpg\" alt=\"\" class=\"wp-image-646\" srcset=\"https:\/\/www.marathyon85.fr\/wp-content\/uploads\/2019\/01\/P5270135.jpg 400w, https:\/\/www.marathyon85.fr\/wp-content\/uploads\/2019\/01\/P5270135-300x225.jpg 300w\" sizes=\"auto, (max-width: 400px) 100vw, 400px\" \/><figcaption class=\"wp-element-caption\">OLYMPUS DIGITAL CAMERA<\/figcaption><\/figure>\n<\/figure>\n","protected":false},"excerpt":{"rendered":"<p>\u00ab\u00a0La Marath\u2019yonnaise\u00a0\u00bb se d\u00e9roulera le dimanche 31 mai 2026. Inscriptions sur le site Espace Comp\u00e9tition cliquez ici : Nous sommes impatients de pouvoir vous accueillir de nouveau A bient\u00f4t sur&#46;&#46;&#46;<\/p>\n","protected":false},"author":3,"featured_media":0,"parent":0,"menu_order":0,"comment_status":"closed","ping_status":"closed","template":"","meta":{"footnotes":""},"class_list":["post-314","page","type-page","status-publish","hentry"],"_links":{"self":[{"href":"https:\/\/www.marathyon85.fr\/index.php?rest_route=\/wp\/v2\/pages\/314","targetHints":{"allow":["GET"]}}],"collection":[{"href":"https:\/\/www.marathyon85.fr\/index.php?rest_route=\/wp\/v2\/pages"}],"about":[{"href":"https:\/\/www.marathyon85.fr\/index.php?rest_route=\/wp\/v2\/types\/page"}],"author":[{"embeddable":true,"href":"https:\/\/www.marathyon85.fr\/index.php?rest_route=\/wp\/v2\/users\/3"}],"replies":[{"embeddable":true,"href":"https:\/\/www.marathyon85.fr\/index.php?rest_route=%2Fwp%2Fv2%2Fcomments&post=314"}],"version-history":[{"count":104,"href":"https:\/\/www.marathyon85.fr\/index.php?rest_route=\/wp\/v2\/pages\/314\/revisions"}],"predecessor-version":[{"id":2207,"href":"https:\/\/www.marathyon85.fr\/index.php?rest_route=\/wp\/v2\/pages\/314\/revisions\/2207"}],"wp:attachment":[{"href":"https:\/\/www.marathyon85.fr\/index.php?rest_route=%2Fwp%2Fv2%2Fmedia&parent=314"}],"curies":[{"name":"wp","href":"https:\/\/api.w.org\/{rel}","templated":true}]}}