{"id":297,"date":"2018-12-08T15:50:30","date_gmt":"2018-12-08T14:50:30","guid":{"rendered":"http:\/\/marathyon85.fr\/?page_id=297"},"modified":"2025-02-20T09:05:17","modified_gmt":"2025-02-20T08:05:17","slug":"infos-pratiques","status":"publish","type":"page","link":"https:\/\/www.marathyon85.fr\/?page_id=297","title":{"rendered":"Infos pratiques"},"content":{"rendered":"\n<p class=\"has-text-align-right\"><\/p>\n\n\n\n<div class=\"wp-block-media-text alignwide is-stacked-on-mobile\" style=\"grid-template-columns:9% auto\"><figure class=\"wp-block-media-text__media\"><img loading=\"lazy\" decoding=\"async\" width=\"225\" height=\"225\" src=\"http:\/\/marathyon85.fr\/wp-content\/uploads\/2018\/12\/images-parking.jpg\" alt=\"\" class=\"wp-image-350 size-full\" srcset=\"https:\/\/www.marathyon85.fr\/wp-content\/uploads\/2018\/12\/images-parking.jpg 225w, https:\/\/www.marathyon85.fr\/wp-content\/uploads\/2018\/12\/images-parking-150x150.jpg 150w, https:\/\/www.marathyon85.fr\/wp-content\/uploads\/2018\/12\/images-parking-160x160.jpg 160w\" sizes=\"auto, (max-width: 225px) 100vw, 225px\" \/><\/figure><div class=\"wp-block-media-text__content\">\n<p style=\"font-size:15px\"><strong>O\u00f9 se stationner \u00e0 la Marath&rsquo;Yonnaise ?<\/strong><\/p>\n<\/div><\/div>\n\n\n\n<figure class=\"wp-block-table\"><table class=\"has-fixed-layout\"><tbody><tr><td><span style=\"color: #000000; font-family: Calibri;\">&nbsp;<\/span><\/td><td class=\"has-text-align-center\" data-align=\"center\" colspan=\"4\" rowspan=\"2\">\n<p><b><span style=\"color: #000000; font-family: Bodoni MT; font-size: x-large;\">PARKINGS LA MARATHYONNAISE<br><\/span><\/b><\/p>\n<\/td><\/tr><tr><td><span style=\"color: #000000; font-family: Calibri;\">&nbsp;<\/span><\/td><\/tr><tr><td>\n<h4><b><span style=\"color: #000000; font-family: Bodoni MT; font-size: large;\">LIEU<\/span><\/b><\/h4>\n<\/td><td class=\"has-text-align-center\" data-align=\"center\"><b><span style=\"color: #000000; font-family: Bodoni MT; font-size: large;\">&nbsp;<\/span><\/b><\/td><td class=\"has-text-align-center\" data-align=\"center\"><b><span style=\"color: #000000; font-family: Bodoni MT; font-size: large;\">CAPACITE VALIDE<\/span><\/b><\/td><td><b><span style=\"color: #000000; font-family: Bodoni MT; font-size: medium;\">Personnes \u00e0 mobilit\u00e9 r\u00e9duite<br>PMR<\/span><\/b><\/td><td><b><span style=\"color: #000000; font-family: Bodoni MT; font-size: medium;\">Distance d\u00e9part<br>et arriv\u00e9e<\/span><\/b><\/td><\/tr><tr><td><b><span style=\"color: #000000; font-family: Bodoni MT; font-size: large;\">EN FACE DE LA <br>MAISON DE QUARTIER <\/span><\/b><\/td><td class=\"has-text-align-center\" data-align=\"center\"><b><span style=\"color: #000000; font-family: Bodoni MT; font-size: large;\">PARKING<br>1<\/span><\/b><\/td><td class=\"has-text-align-center\" data-align=\"center\"><b><span style=\"color: #000000; font-family: Bodoni MT; font-size: large;\">57<\/span><\/b><\/td><td><b><span style=\"color: #000000; font-family: Bodoni MT; font-size: large;\">1<\/span><\/b><\/td><td><b><span style=\"color: #000000; font-family: Bodoni MT; font-size: large;\">0 M<\/span><\/b><\/td><\/tr><tr><td><b><span style=\"color: #000000; font-family: Bodoni MT; font-size: large;\">A COTE DE LA <br>MAISON DE QUARTIER<\/span><\/b><\/td><td class=\"has-text-align-center\" data-align=\"center\"><b><span style=\"color: #000000; font-family: Bodoni MT; font-size: large;\">PARKING<br>2<\/span><\/b><\/td><td class=\"has-text-align-center\" data-align=\"center\"><b><span style=\"color: #000000; font-family: Bodoni MT; font-size: large;\">27<\/span><\/b><\/td><td><b><span style=\"color: #000000; font-family: Bodoni MT; font-size: large;\">3<\/span><\/b><\/td><td><b><span style=\"color: #000000; font-family: Bodoni MT; font-size: large;\">0 M<\/span><\/b><\/td><\/tr><tr><td><b><span style=\"color: #000000; font-family: Bodoni MT; font-size: large;\">Partie gauche<br>PLACE DES FRERES BATIOT<\/span><\/b><\/td><td class=\"has-text-align-center\" data-align=\"center\"><b><span style=\"color: #000000; font-family: Bodoni MT; font-size: large;\">PARKING<br>3<\/span><\/b><\/td><td class=\"has-text-align-center\" data-align=\"center\"><b><span style=\"color: #000000; font-family: Bodoni MT; font-size: large;\">50<\/span><\/b><\/td><td><b><span style=\"color: #000000; font-family: Bodoni MT; font-size: large;\">1<\/span><\/b><\/td><td><b><span style=\"color: #000000; font-family: Bodoni MT; font-size: large;\">500 M<\/span><\/b><\/td><\/tr><tr><td><b><span style=\"color: #000000; font-family: Bodoni MT; font-size: large;\">Devant<br>LYCEE ROSA PARK<\/span><\/b><\/td><td class=\"has-text-align-center\" data-align=\"center\"><b><span style=\"color: #000000; font-family: Bodoni MT; font-size: large;\">PARKING<br>4<\/span><\/b><\/td><td class=\"has-text-align-center\" data-align=\"center\"><b><span style=\"color: #000000; font-family: Bodoni MT; font-size: large;\">45<\/span><\/b><\/td><td><b><span style=\"color: #000000; font-family: Bodoni MT; font-size: large;\">2<\/span><\/b><\/td><td><b><span style=\"color: #000000; font-family: Bodoni MT; font-size: large;\">400 M<\/span><\/b><\/td><\/tr><tr><td><b><span style=\"color: #000000; font-family: Bodoni MT; font-size: large;\">Cot\u00e9 chambre du commerce<br>BOULEVARD TORTA<\/span><\/b><\/td><td class=\"has-text-align-center\" data-align=\"center\"><b><span style=\"color: #000000; font-family: Bodoni MT; font-size: large;\">PARKING<br>5<\/span><\/b><\/td><td class=\"has-text-align-center\" data-align=\"center\"><b><span style=\"color: #000000; font-family: Bodoni MT; font-size: large;\">30<\/span><\/b><\/td><td><b><span style=\"color: #000000; font-family: Bodoni MT; font-size: large;\">0<\/span><\/b><\/td><td><b><span style=\"color: #000000; font-family: Bodoni MT; font-size: large;\">300 M<\/span><\/b><\/td><\/tr><tr><td><b><span style=\"color: #000000; font-family: Bodoni MT; font-size: large;\">Cot\u00e9 chambre du commerce<br>RUE OLIVIER DE CLISSON<\/span><\/b><\/td><td class=\"has-text-align-center\" data-align=\"center\"><b><span style=\"color: #000000; font-family: Bodoni MT; font-size: large;\">PARKING<br>6<\/span><\/b><\/td><td class=\"has-text-align-center\" data-align=\"center\"><b><span style=\"color: #000000; font-family: Bodoni MT; font-size: large;\">20<\/span><\/b><\/td><td><b><span style=\"color: #000000; font-family: Bodoni MT; font-size: large;\">0<\/span><\/b><\/td><td><b><span style=\"color: #000000; font-family: Bodoni MT; font-size: large;\">300 M<\/span><\/b><\/td><\/tr><tr><td><b><span style=\"color: #000000; font-family: Bodoni MT; font-size: large;\">Devant place des fr\u00e8res Batiot<br>RUE DE LA SIMBRADIERE<\/span><\/b><\/td><td class=\"has-text-align-center\" data-align=\"center\"><b><span style=\"color: #000000; font-family: Bodoni MT; font-size: large;\">PARKING<br>7<\/span><\/b><\/td><td class=\"has-text-align-center\" data-align=\"center\"><b><span style=\"color: #000000; font-family: Bodoni MT; font-size: large;\">10<\/span><\/b><\/td><td><b><span style=\"color: #000000; font-family: Bodoni MT; font-size: large;\">2<\/span><\/b><\/td><td><b><span style=\"color: #000000; font-family: Bodoni MT; font-size: large;\">500 M<\/span><\/b><\/td><\/tr><tr><td><b><span style=\"color: #000000; font-family: Bodoni MT; font-size: large;\">RUE ANDRE PALLADIO<\/span><\/b><\/td><td class=\"has-text-align-center\" data-align=\"center\"><b><span style=\"color: #000000; font-family: Bodoni MT; font-size: large;\">PARKING<br>8<\/span><\/b><\/td><td class=\"has-text-align-center\" data-align=\"center\"><b><span style=\"color: #000000; font-family: Bodoni MT; font-size: large;\">15<\/span><\/b><\/td><td><b><span style=\"color: #000000; font-family: Bodoni MT; font-size: large;\">0<\/span><\/b><\/td><td><b><span style=\"color: #000000; font-family: Bodoni MT; font-size: large;\">200 M<\/span><\/b><\/td><\/tr><tr><td><b><span style=\"color: #000000; font-family: Bodoni MT; font-size: large;\">ALLEE PICASSO<\/span><\/b><\/td><td class=\"has-text-align-center\" data-align=\"center\"><b><span style=\"color: #000000; font-family: Bodoni MT; font-size: large;\">RUE<\/span><\/b><\/td><td class=\"has-text-align-center\" data-align=\"center\"><b><span style=\"color: #000000; font-family: Bodoni MT; font-size: large;\">15<\/span><\/b><\/td><td><b><span style=\"color: #000000; font-family: Bodoni MT; font-size: large;\">0<\/span><\/b><\/td><td><b><span style=\"color: #000000; font-family: Bodoni MT; font-size: large;\">100 M<\/span><\/b><\/td><\/tr><tr><td><b><span style=\"color: #000000; font-family: Bodoni MT; font-size: large;\">RUE DU DOUANIER ROUSSEAU<\/span><\/b><\/td><td class=\"has-text-align-center\" data-align=\"center\"><b><span style=\"color: #000000; font-family: Bodoni MT; font-size: large;\">RUE<\/span><\/b><\/td><td class=\"has-text-align-center\" data-align=\"center\"><b><span style=\"color: #000000; font-family: Bodoni MT; font-size: large;\">6<\/span><\/b><\/td><td><b><span style=\"color: #000000; font-family: Bodoni MT; font-size: large;\">0<\/span><\/b><\/td><td><b><span style=\"color: #000000; font-family: Bodoni MT; font-size: large;\">100 M<\/span><\/b><\/td><\/tr><tr><td><b><span style=\"color: #000000; font-family: Bodoni MT; font-size: large;\">BOULEVARD TORTA<\/span><\/b><\/td><td class=\"has-text-align-center\" data-align=\"center\"><b><span style=\"color: #000000; font-family: Bodoni MT; font-size: large;\">RUE<\/span><\/b><\/td><td class=\"has-text-align-center\" data-align=\"center\"><b><span style=\"color: #000000; font-family: Bodoni MT; font-size: large;\">60<\/span><\/b><\/td><td><b><span style=\"color: #000000; font-family: Bodoni MT; font-size: large;\">0<\/span><\/b><\/td><td><b><span style=\"color: #000000; font-family: Bodoni MT; font-size: large;\">200 M<\/span><\/b><\/td><\/tr><tr><td><b><span style=\"color: #000000; font-family: Bodoni MT; font-size: large;\">Contre-all\u00e9es<br>BOULEVARD DES ETATS UNIS<\/span><\/b><\/td><td class=\"has-text-align-center\" data-align=\"center\"><b><span style=\"color: #000000; font-family: Bodoni MT; font-size: large;\">RUE<\/span><\/b><\/td><td class=\"has-text-align-center\" data-align=\"center\"><b><span style=\"color: #000000; font-family: Bodoni MT; font-size: large;\">80<\/span><\/b><\/td><td><b><span style=\"color: #000000; font-family: Bodoni MT; font-size: large;\">&nbsp;<\/span><\/b><\/td><td><b><span style=\"color: #000000; font-family: Bodoni MT; font-size: large;\">800 M<\/span><\/b><\/td><\/tr><tr><td><b><span style=\"color: #000000; font-family: Bodoni MT; font-size: large;\">TOTAL PLACES DISPONIBLE<\/span><\/b><\/td><td class=\"has-text-align-center\" data-align=\"center\"><b><span style=\"color: #000000; font-family: Bodoni MT; font-size: large;\">&nbsp;<\/span><\/b><\/td><td class=\"has-text-align-center\" data-align=\"center\"><b><span style=\"color: #000000; font-family: Bodoni MT; font-size: large;\">415<\/span><\/b><\/td><td><b><span style=\"color: #000000; font-family: Bodoni MT; font-size: large;\">9<\/span><\/b><\/td><td><b><span style=\"color: #000000; font-family: Bodoni MT; font-size: large;\">&nbsp;<\/span><\/b><\/td><\/tr><tr><td><span style=\"color: #000000; font-family: Bodoni MT; font-size: large;\">&nbsp;<\/span><\/td><td class=\"has-text-align-center\" data-align=\"center\"><span style=\"color: #000000; font-family: Bodoni MT; font-size: large;\">&nbsp;<\/span><\/td><td class=\"has-text-align-center\" data-align=\"center\"><span style=\"color: #000000; font-family: Bodoni MT; font-size: large;\">&nbsp;<\/span><\/td><td><span style=\"color: #000000; font-family: Bodoni MT; font-size: large;\">&nbsp;<\/span><\/td><td><span style=\"color: #000000; font-family: Bodoni MT; font-size: large;\">&nbsp;<\/span><\/td><\/tr><tr><td><span style=\"color: #000000; font-family: Bodoni MT; font-size: large;\">&nbsp;<\/span><\/td><td class=\"has-text-align-center\" data-align=\"center\"><span style=\"color: #000000; font-family: Bodoni MT; font-size: large;\">Stationnements non conseill\u00e9s par l&rsquo;organisation<\/span><\/td><td class=\"has-text-align-center\" data-align=\"center\"><span style=\"color: #000000; font-family: Bodoni MT; font-size: large;\">&nbsp;<\/span><\/td><td><span style=\"color: #000000; font-family: Bodoni MT; font-size: large;\">&nbsp;<\/span><\/td><td>&nbsp;<\/td><\/tr><\/tbody><\/table><\/figure>\n\n\n\n<div class=\"wp-block-button aligncenter\"><a class=\"wp-block-button__link has-vivid-cyan-blue-background-color has-background wp-element-button\" href=\"http:\/\/site.marathyon85.fr\/File\/Parkings.gif\">Carte des parkings cliquez ici.<br><\/a><\/div>\n\n\n\n<p><\/p>\n","protected":false},"excerpt":{"rendered":"<p>O\u00f9 se stationner \u00e0 la Marath&rsquo;Yonnaise ? &nbsp; PARKINGS LA MARATHYONNAISE &nbsp; LIEU &nbsp; CAPACITE VALIDE Personnes \u00e0 mobilit\u00e9 r\u00e9duitePMR Distance d\u00e9partet arriv\u00e9e EN FACE DE LA MAISON DE QUARTIER&#46;&#46;&#46;<\/p>\n","protected":false},"author":3,"featured_media":0,"parent":0,"menu_order":0,"comment_status":"closed","ping_status":"closed","template":"","meta":{"footnotes":""},"class_list":["post-297","page","type-page","status-publish","hentry"],"_links":{"self":[{"href":"https:\/\/www.marathyon85.fr\/index.php?rest_route=\/wp\/v2\/pages\/297","targetHints":{"allow":["GET"]}}],"collection":[{"href":"https:\/\/www.marathyon85.fr\/index.php?rest_route=\/wp\/v2\/pages"}],"about":[{"href":"https:\/\/www.marathyon85.fr\/index.php?rest_route=\/wp\/v2\/types\/page"}],"author":[{"embeddable":true,"href":"https:\/\/www.marathyon85.fr\/index.php?rest_route=\/wp\/v2\/users\/3"}],"replies":[{"embeddable":true,"href":"https:\/\/www.marathyon85.fr\/index.php?rest_route=%2Fwp%2Fv2%2Fcomments&post=297"}],"version-history":[{"count":27,"href":"https:\/\/www.marathyon85.fr\/index.php?rest_route=\/wp\/v2\/pages\/297\/revisions"}],"predecessor-version":[{"id":2128,"href":"https:\/\/www.marathyon85.fr\/index.php?rest_route=\/wp\/v2\/pages\/297\/revisions\/2128"}],"wp:attachment":[{"href":"https:\/\/www.marathyon85.fr\/index.php?rest_route=%2Fwp%2Fv2%2Fmedia&parent=297"}],"curies":[{"name":"wp","href":"https:\/\/api.w.org\/{rel}","templated":true}]}}