{"id":237,"date":"2018-12-05T13:33:55","date_gmt":"2018-12-05T12:33:55","guid":{"rendered":"http:\/\/marathyon85.fr\/?page_id=237"},"modified":"2018-12-27T15:42:33","modified_gmt":"2018-12-27T14:42:33","slug":"le-club-marathyon-nature","status":"publish","type":"page","link":"https:\/\/www.marathyon85.fr\/?page_id=237","title":{"rendered":"Le club \u00ab\u00a0Marath&rsquo;Yon  Nature\u00a0\u00bb"},"content":{"rendered":"<p><span style=\"color: #339966;\"><strong>MARATH\u2019YON NATURE<img loading=\"lazy\" decoding=\"async\" class=\"size-full wp-image-48 alignright\" src=\"http:\/\/marathyon85.fr\/wp-content\/uploads\/2018\/11\/FFA.jpg\" alt=\"\" width=\"90\" height=\"30\" \/><\/strong><\/span><\/p>\n<p>Le club MARATH\u2019YON NATURE est affili\u00e9 \u00e0\u00a0la f\u00e9d\u00e9ration Fran\u00e7aise d\u2019athl\u00e9tisme.<\/p>\n<p>GENESE\u00a0:<br class=\"autobr\" \/>Ce club a \u00e9t\u00e9 cr\u00e9\u00e9 par des membres de l\u2019association MARATH\u2019YON 85 afin de permettre la poursuite de l\u2019organisation de la MARATHYONNAISE. En effet jeunesse et sports n\u2019accordant plus de d\u00e9rogations pour les associations non affili\u00e9es \u00e0\u00a0la FFA pour l\u2019organisation de courses hors stade \u00e0\u00a0compter de 2008, Il a donc \u00e9t\u00e9 d\u00e9cid\u00e9 de cr\u00e9er ce club. Un club FFA est compos\u00e9 d\u2019un minimum de 5 licenci\u00e9s.<\/p>\n<p>MISSIONS\u00a0:<br class=\"autobr\" \/>Le club MARATH\u2019YON NATURE est donc l\u2019organisateur officiel de la MARATHYONNAISE. Mais l\u2019ensemble des t\u00e2ches est r\u00e9alis\u00e9 par les membres de l\u2019association MARATH\u2019YON 85.<br class=\"autobr\" \/>Le club MARATH\u2019YON NATURE d\u00e9livre des licences FFA aux membres de l\u2019association MARATH\u2019YON 85 qui en font la demande dans la mesure o\u00f9 ils(elles) sont adh\u00e9rent(es) depuis plus de 2 ans \u00e0 cette m\u00eame association.<\/p>\n<p>LES LICENCIES\u00a0:<strong><img loading=\"lazy\" decoding=\"async\" class=\" wp-image-452 alignright\" src=\"http:\/\/marathyon85.fr\/wp-content\/uploads\/2018\/12\/MarathYon_Icon-281x300.png\" alt=\"\" width=\"187\" height=\"200\" srcset=\"https:\/\/www.marathyon85.fr\/wp-content\/uploads\/2018\/12\/MarathYon_Icon-281x300.png 281w, https:\/\/www.marathyon85.fr\/wp-content\/uploads\/2018\/12\/MarathYon_Icon.png 303w\" sizes=\"auto, (max-width: 187px) 100vw, 187px\" \/><\/strong><br class=\"autobr\" \/>Ils peuvent donc participer aux comp\u00e9titions (licence comp\u00e9tition ou licence sant\u00e9-loisirs option running)et b\u00e9n\u00e9ficier du tarif FFA.<br class=\"autobr\" \/>Le club MARATH\u2019YON NATURE invite ses licenci\u00e9s \u00e0 participer tout particuli\u00e8rement aux courses nature, trail, raids.<\/p>\n","protected":false},"excerpt":{"rendered":"<p>MARATH\u2019YON NATURE Le club MARATH\u2019YON NATURE est affili\u00e9 \u00e0\u00a0la f\u00e9d\u00e9ration Fran\u00e7aise d\u2019athl\u00e9tisme. GENESE\u00a0:Ce club a \u00e9t\u00e9 cr\u00e9\u00e9 par des membres de l\u2019association MARATH\u2019YON 85 afin de permettre la poursuite de&#46;&#46;&#46;<\/p>\n","protected":false},"author":2,"featured_media":0,"parent":0,"menu_order":0,"comment_status":"closed","ping_status":"closed","template":"","meta":{"footnotes":""},"class_list":["post-237","page","type-page","status-publish","hentry"],"_links":{"self":[{"href":"https:\/\/www.marathyon85.fr\/index.php?rest_route=\/wp\/v2\/pages\/237","targetHints":{"allow":["GET"]}}],"collection":[{"href":"https:\/\/www.marathyon85.fr\/index.php?rest_route=\/wp\/v2\/pages"}],"about":[{"href":"https:\/\/www.marathyon85.fr\/index.php?rest_route=\/wp\/v2\/types\/page"}],"author":[{"embeddable":true,"href":"https:\/\/www.marathyon85.fr\/index.php?rest_route=\/wp\/v2\/users\/2"}],"replies":[{"embeddable":true,"href":"https:\/\/www.marathyon85.fr\/index.php?rest_route=%2Fwp%2Fv2%2Fcomments&post=237"}],"version-history":[{"count":5,"href":"https:\/\/www.marathyon85.fr\/index.php?rest_route=\/wp\/v2\/pages\/237\/revisions"}],"predecessor-version":[{"id":453,"href":"https:\/\/www.marathyon85.fr\/index.php?rest_route=\/wp\/v2\/pages\/237\/revisions\/453"}],"wp:attachment":[{"href":"https:\/\/www.marathyon85.fr\/index.php?rest_route=%2Fwp%2Fv2%2Fmedia&parent=237"}],"curies":[{"name":"wp","href":"https:\/\/api.w.org\/{rel}","templated":true}]}}