{"id":226,"date":"2018-12-05T12:35:48","date_gmt":"2018-12-05T11:35:48","guid":{"rendered":"http:\/\/marathyon85.fr\/?page_id=226"},"modified":"2023-11-16T20:54:27","modified_gmt":"2023-11-16T19:54:27","slug":"lassociation-marathyon-85","status":"publish","type":"page","link":"https:\/\/www.marathyon85.fr\/?page_id=226","title":{"rendered":"L&rsquo;association \u00ab\u00a0Marath&rsquo;Yon 85\u00a0\u00bb"},"content":{"rendered":"\n<p><\/p>\n\n\n<p>Des entrainements collectifs sur routes et chemins, chaque dimanche matin \u00e0 partir du complexe des Terres Noires. D\u00e9part des vestiaires c\u00f4t\u00e9 rocade nord \u00e0 9 heures toute l\u2019ann\u00e9e. Douches sur place.<\/p>\n<p>La libert\u00e9 de participer \u00e0 des courses.<br \/>Des d\u00e9placements en groupe sous divers horizons.<br \/>La convivialit\u00e9, l\u2019entraide, la bonne humeur et &#8230; de l\u2019humour !<\/p>\n<h4>Ce que nous vous proposons :<img loading=\"lazy\" decoding=\"async\" class=\"size-medium wp-image-817 alignright\" src=\"https:\/\/www.marathyon85.fr\/wp-content\/uploads\/2019\/01\/marath85-01-300x150.jpg\" alt=\"\" width=\"300\" height=\"150\" srcset=\"https:\/\/www.marathyon85.fr\/wp-content\/uploads\/2019\/01\/marath85-01-300x150.jpg 300w, https:\/\/www.marathyon85.fr\/wp-content\/uploads\/2019\/01\/marath85-01.jpg 528w\" sizes=\"auto, (max-width: 300px) 100vw, 300px\" \/><\/h4>\n<p><!-- \/wp:post-content --> <!-- wp:heading {\"level\":3} --><\/p>\n<ul>\n<li>La course :<\/li>\n<\/ul>\n<p><!-- \/wp:heading --> <!-- wp:paragraph --><\/p>\n<p>Des entra\u00eenements collectifs sur routes et chemins, la libert\u00e9 de participer \u00e0 des courses. Des d\u00e9placements en groupe sous divers horizons.<\/p>\n<p><!-- \/wp:paragraph --> <!-- wp:paragraph --><\/p>\n<p>Passionn\u00e9.es de course \u00e0 pied ou de marche, que vous soyez d\u00e9butant.es ou mordu.es de course sur route,<br \/>ne restez plus seul-es. Nous vous accueillons sur des parcours entre 10 et 12 km voir plus \u2026 Tous les niveaux sont accept\u00e9s<\/p>\n<p><!-- \/wp:paragraph --> <!-- wp:heading {\"level\":3} --><\/p>\n<ul>\n<li>La marche :<\/li>\n<\/ul>\n<p><!-- \/wp:heading --> <!-- wp:paragraph --><\/p>\n<p>Un groupe de marche nordique ou non vous accueille sur des parcours entre 10 et 12 km voir plus \u2026tous niveaux accept\u00e9s.<br \/><span style=\"color: #0000ff;\"><em>La convivialit\u00e9, l\u2019entraide, la bonne humeur et \u2026 de l\u2019humour !<img loading=\"lazy\" decoding=\"async\" class=\"size-medium wp-image-818 alignleft\" src=\"https:\/\/www.marathyon85.fr\/wp-content\/uploads\/2019\/01\/marath85-02-300x157.jpg\" alt=\"\" width=\"300\" height=\"157\" srcset=\"https:\/\/www.marathyon85.fr\/wp-content\/uploads\/2019\/01\/marath85-02-300x157.jpg 300w, https:\/\/www.marathyon85.fr\/wp-content\/uploads\/2019\/01\/marath85-02-768x401.jpg 768w, https:\/\/www.marathyon85.fr\/wp-content\/uploads\/2019\/01\/marath85-02.jpg 876w\" sizes=\"auto, (max-width: 300px) 100vw, 300px\" \/><\/em><\/span><\/p>\n<p><!-- wp:heading {\"level\":3} --><\/p>\n<p>T\u00e9l\u00e9chargez le<a href=\"https:\/\/marathyon-my.sharepoint.com\/:b:\/g\/personal\/contact_marathyon85_fr\/EUkJNRB6AeRFg7_kGSPN4MIBk3vpV-wbF7tTAz6ebhFvIg?e=kowtez\"> livret d&rsquo;accueil\u00a0<\/a><\/p>\n<p>\u00a0<\/p>\n<p>\u00a0<\/p>\n<p>\u00a0<\/p>\n<p>Chaque ann\u00e9e, c&rsquo;est l&rsquo;occasion de se retrouver pour:<\/p>\n<ul>\n<li>l&rsquo;invitation club<\/li>\n<li>la sortie du printemps<img loading=\"lazy\" decoding=\"async\" class=\"size-medium wp-image-819 alignright\" src=\"https:\/\/www.marathyon85.fr\/wp-content\/uploads\/2019\/01\/marath85-03-300x160.jpg\" alt=\"\" width=\"300\" height=\"160\" srcset=\"https:\/\/www.marathyon85.fr\/wp-content\/uploads\/2019\/01\/marath85-03-300x160.jpg 300w, https:\/\/www.marathyon85.fr\/wp-content\/uploads\/2019\/01\/marath85-03-768x409.jpg 768w, https:\/\/www.marathyon85.fr\/wp-content\/uploads\/2019\/01\/marath85-03.jpg 862w\" sizes=\"auto, (max-width: 300px) 100vw, 300px\" \/><\/li>\n<li>la soir\u00e9e grillades<\/li>\n<li>l&rsquo;assembl\u00e9e g\u00e9n\u00e9rale<\/li>\n<li>la participation \u00e0 la Marath&rsquo;yonnaise&#8230;<\/li>\n<\/ul>\n<h5>O\u00f9 nous retrouver ?<\/h5>\n<p><!-- \/wp:heading --> <!-- wp:paragraph --><\/p>\n<p>Tous les dimanches matins \u00e0 9 heures au Terres noires, complexe des Terres Noires.<br \/>D\u00e9part des vestiaires derri\u00e8re les tribunes. Douches sur place.<\/p>\n<p><!-- \/wp:paragraph --> <!-- wp:heading --><\/p>\n<h5><!-- \/wp:heading --> <!-- wp:image {\"id\":410} --><\/h5>\n<figure class=\"wp-block-image\"><!-- \/wp:image --><\/figure>\n<p>Facebook :<a href=\"https:\/\/www.facebook.com\/marathyon85\/\">\u00a0https:\/\/www.facebook.com\/marathyon85\/<\/a><\/p>\n<p><!-- \/wp:paragraph --><\/p>\n<pre>Contact : contact@marathyon85.fr<br \/>71, Bd Aristide Briand - Bo\u00eete 84\u00a0 - 85000 LA ROCHE SUR YON<\/pre>","protected":false},"excerpt":{"rendered":"<p>Des entrainements collectifs sur routes et chemins, chaque dimanche matin \u00e0 partir du complexe des Terres Noires. D\u00e9part des vestiaires c\u00f4t\u00e9 rocade nord \u00e0 9 heures toute l\u2019ann\u00e9e. Douches sur&#46;&#46;&#46;<\/p>\n","protected":false},"author":2,"featured_media":0,"parent":0,"menu_order":0,"comment_status":"closed","ping_status":"closed","template":"","meta":{"footnotes":""},"class_list":["post-226","page","type-page","status-publish","hentry"],"_links":{"self":[{"href":"https:\/\/www.marathyon85.fr\/index.php?rest_route=\/wp\/v2\/pages\/226","targetHints":{"allow":["GET"]}}],"collection":[{"href":"https:\/\/www.marathyon85.fr\/index.php?rest_route=\/wp\/v2\/pages"}],"about":[{"href":"https:\/\/www.marathyon85.fr\/index.php?rest_route=\/wp\/v2\/types\/page"}],"author":[{"embeddable":true,"href":"https:\/\/www.marathyon85.fr\/index.php?rest_route=\/wp\/v2\/users\/2"}],"replies":[{"embeddable":true,"href":"https:\/\/www.marathyon85.fr\/index.php?rest_route=%2Fwp%2Fv2%2Fcomments&post=226"}],"version-history":[{"count":18,"href":"https:\/\/www.marathyon85.fr\/index.php?rest_route=\/wp\/v2\/pages\/226\/revisions"}],"predecessor-version":[{"id":1847,"href":"https:\/\/www.marathyon85.fr\/index.php?rest_route=\/wp\/v2\/pages\/226\/revisions\/1847"}],"wp:attachment":[{"href":"https:\/\/www.marathyon85.fr\/index.php?rest_route=%2Fwp%2Fv2%2Fmedia&parent=226"}],"curies":[{"name":"wp","href":"https:\/\/api.w.org\/{rel}","templated":true}]}}