{"id":1567,"date":"2022-09-19T14:35:18","date_gmt":"2022-09-19T12:35:18","guid":{"rendered":"https:\/\/www.marathyon85.fr\/?page_id=1567"},"modified":"2023-01-06T11:41:07","modified_gmt":"2023-01-06T10:41:07","slug":"marathyon-bike","status":"publish","type":"page","link":"https:\/\/www.marathyon85.fr\/?page_id=1567","title":{"rendered":"Marath&rsquo;Yon Bike"},"content":{"rendered":"\n<p>L&rsquo;association Marath&rsquo;Yon85 est heureuse de vous pr\u00e9senter sa nouvelle section &lsquo;v\u00e9lo&rsquo;. Elle compl\u00e8tera les 2 autres activit\u00e9s pratiqu\u00e9es par les adh\u00e9rentes et adh\u00e9rents qui sont la course \u00e0 pied et la marche.<\/p>\n\n\n\n<p>Logo de la section &lsquo;v\u00e9lo&rsquo; ou &lsquo;bike&rsquo; :<\/p>\n\n\n\n<figure class=\"wp-block-image size-large is-resized\"><img loading=\"lazy\" decoding=\"async\" src=\"https:\/\/www.marathyon85.fr\/wp-content\/uploads\/2022\/09\/LogoMYB-1024x603.png\" alt=\"\" class=\"wp-image-1590\" width=\"400\" height=\"236\" srcset=\"https:\/\/www.marathyon85.fr\/wp-content\/uploads\/2022\/09\/LogoMYB-1024x603.png 1024w, https:\/\/www.marathyon85.fr\/wp-content\/uploads\/2022\/09\/LogoMYB-300x177.png 300w, https:\/\/www.marathyon85.fr\/wp-content\/uploads\/2022\/09\/LogoMYB-768x452.png 768w, https:\/\/www.marathyon85.fr\/wp-content\/uploads\/2022\/09\/LogoMYB-1536x905.png 1536w, https:\/\/www.marathyon85.fr\/wp-content\/uploads\/2022\/09\/LogoMYB-2048x1206.png 2048w\" sizes=\"auto, (max-width: 400px) 100vw, 400px\" \/><\/figure>\n\n\n\n<p>La MYB proposera des sorties et randonn\u00e9es en v\u00e9lo de route ou VTT. La page suivante liste une suggestion de randonn\u00e9es: <a href=\"https:\/\/www.marathyon85.fr\/?page_id=1628\" target=\"_blank\" rel=\"noreferrer noopener\">https:\/\/www.marathyon85.fr\/?page_id=1628<\/a><\/p>\n\n\n\n<p>Afin de bien nous identifier et nous \u00e9quiper, une tenue cycliste compl\u00e8te d&rsquo;une valeur de 145\u20ac est sugg\u00e9r\u00e9e. Elle sera compos\u00e9e d&rsquo;un maillot, d&rsquo;un cuissard, d&rsquo;une paire de chaussettes et d&rsquo;une paire de gants. L&rsquo;association et les 2 partenaires participent \u00e0 cet \u00e9quipement qui sera propos\u00e9 \u00e0 70\u20ac aux adh\u00e9rent.e.s de l&rsquo;association. L&rsquo;adh\u00e9rent.e pourra compl\u00e9ter sa tenue en achetant cuissard long, maillot manche longue &#8230; <a rel=\"noreferrer noopener\" href=\"https:\/\/designs.bioracer.cloud\/PRJ22-009819_2_2YmN0iRJS3k5zwrA\/\" target=\"_blank\">lien de consultation<\/a>.<\/p>\n\n\n\n<p>Le point de rendez vous hebdomadaire pour les VTTistes est \u00e0 la Vall\u00e9e Verte tous les samedis \u00e0 14h. Chaque membre peut proposer via WhatsApp une sortie en pr\u00e9cisant la dur\u00e9e ( 1n, 2h, 3h&#8230; ) et l&rsquo;allure : tranquille, endurance ou soutenue.<\/p>\n\n\n\n<p>Pour la section MYB,<br>Nicolas Chauviere<\/p>\n\n\n\n<div class=\"wp-block-columns is-layout-flex wp-container-core-columns-is-layout-9d6595d7 wp-block-columns-is-layout-flex\">\n<div class=\"wp-block-column is-layout-flow wp-block-column-is-layout-flow\" style=\"flex-basis:50%\">\n<figure class=\"wp-block-video\"><video height=\"720\" style=\"aspect-ratio: 1280 \/ 720;\" width=\"1280\" autoplay controls loop src=\"https:\/\/www.marathyon85.fr\/wp-content\/uploads\/2022\/09\/PRJ22-009819_Icon-Jersey-SS-Men.mp4\"><\/video><\/figure>\n<\/div>\n\n\n\n<div class=\"wp-block-column is-layout-flow wp-block-column-is-layout-flow\" style=\"flex-basis:50%\">\n<figure class=\"wp-block-video\"><video height=\"720\" style=\"aspect-ratio: 1280 \/ 720;\" width=\"1280\" controls src=\"https:\/\/www.marathyon85.fr\/wp-content\/uploads\/2022\/09\/PRJ22-009819_Icon-Bibshorts-Men.mp4\"><\/video><\/figure>\n<\/div>\n<\/div>\n\n\n\n<div class=\"wp-block-columns is-layout-flex wp-container-core-columns-is-layout-9d6595d7 wp-block-columns-is-layout-flex\">\n<div class=\"wp-block-column is-layout-flow wp-block-column-is-layout-flow\"><div class=\"wp-block-image\">\n<figure class=\"aligncenter size-full is-resized\"><img loading=\"lazy\" decoding=\"async\" src=\"https:\/\/www.marathyon85.fr\/wp-content\/uploads\/2022\/09\/mondovelo.png\" alt=\"\" class=\"wp-image-1580\" width=\"300\" height=\"133\" srcset=\"https:\/\/www.marathyon85.fr\/wp-content\/uploads\/2022\/09\/mondovelo.png 986w, https:\/\/www.marathyon85.fr\/wp-content\/uploads\/2022\/09\/mondovelo-300x132.png 300w, https:\/\/www.marathyon85.fr\/wp-content\/uploads\/2022\/09\/mondovelo-768x339.png 768w, https:\/\/www.marathyon85.fr\/wp-content\/uploads\/2022\/09\/mondovelo-980x435.png 980w\" sizes=\"auto, (max-width: 300px) 100vw, 300px\" \/><\/figure>\n<\/div>\n\n\n<p>Mondov\u00e9lo proposera une carte de fid\u00e9lit\u00e9 aux adh\u00e9rent.e.s de la MYB avec une remise de 5%.<\/p>\n<\/div>\n\n\n\n<div class=\"wp-block-column is-vertically-aligned-center is-layout-flow wp-block-column-is-layout-flow\" style=\"flex-basis:50%\">\n<div class=\"wp-block-group\"><div class=\"wp-block-group__inner-container is-layout-flow wp-block-group-is-layout-flow\"><div class=\"wp-block-image\">\n<figure class=\"aligncenter size-full is-resized\"><img loading=\"lazy\" decoding=\"async\" src=\"https:\/\/www.marathyon85.fr\/wp-content\/uploads\/2022\/09\/HairActuel.png\" alt=\"\" class=\"wp-image-1581\" width=\"133\" height=\"133\" srcset=\"https:\/\/www.marathyon85.fr\/wp-content\/uploads\/2022\/09\/HairActuel.png 224w, https:\/\/www.marathyon85.fr\/wp-content\/uploads\/2022\/09\/HairActuel-150x150.png 150w, https:\/\/www.marathyon85.fr\/wp-content\/uploads\/2022\/09\/HairActuel-80x80.png 80w\" sizes=\"auto, (max-width: 133px) 100vw, 133px\" \/><\/figure>\n<\/div><\/div><\/div>\n<\/div>\n<\/div>\n","protected":false},"excerpt":{"rendered":"<p>L&rsquo;association Marath&rsquo;Yon85 est heureuse de vous pr\u00e9senter sa nouvelle section &lsquo;v\u00e9lo&rsquo;. Elle compl\u00e8tera les 2 autres activit\u00e9s pratiqu\u00e9es par les adh\u00e9rentes et adh\u00e9rents qui sont la course \u00e0 pied et&#46;&#46;&#46;<\/p>\n","protected":false},"author":2,"featured_media":1575,"parent":0,"menu_order":0,"comment_status":"closed","ping_status":"closed","template":"","meta":{"footnotes":""},"class_list":["post-1567","page","type-page","status-publish","has-post-thumbnail","hentry"],"_links":{"self":[{"href":"https:\/\/www.marathyon85.fr\/index.php?rest_route=\/wp\/v2\/pages\/1567","targetHints":{"allow":["GET"]}}],"collection":[{"href":"https:\/\/www.marathyon85.fr\/index.php?rest_route=\/wp\/v2\/pages"}],"about":[{"href":"https:\/\/www.marathyon85.fr\/index.php?rest_route=\/wp\/v2\/types\/page"}],"author":[{"embeddable":true,"href":"https:\/\/www.marathyon85.fr\/index.php?rest_route=\/wp\/v2\/users\/2"}],"replies":[{"embeddable":true,"href":"https:\/\/www.marathyon85.fr\/index.php?rest_route=%2Fwp%2Fv2%2Fcomments&post=1567"}],"version-history":[{"count":24,"href":"https:\/\/www.marathyon85.fr\/index.php?rest_route=\/wp\/v2\/pages\/1567\/revisions"}],"predecessor-version":[{"id":1638,"href":"https:\/\/www.marathyon85.fr\/index.php?rest_route=\/wp\/v2\/pages\/1567\/revisions\/1638"}],"wp:featuredmedia":[{"embeddable":true,"href":"https:\/\/www.marathyon85.fr\/index.php?rest_route=\/wp\/v2\/media\/1575"}],"wp:attachment":[{"href":"https:\/\/www.marathyon85.fr\/index.php?rest_route=%2Fwp%2Fv2%2Fmedia&parent=1567"}],"curies":[{"name":"wp","href":"https:\/\/api.w.org\/{rel}","templated":true}]}}